{"id":2935,"date":"2020-09-22T10:32:57","date_gmt":"2020-09-22T08:32:57","guid":{"rendered":"https:\/\/www.btb-gruppe.de\/?page_id=2935"},"modified":"2022-11-30T16:02:31","modified_gmt":"2022-11-30T15:02:31","slug":"site-notice","status":"publish","type":"page","link":"https:\/\/www.btb-gruppe.de\/en\/site-notice\/","title":{"rendered":"Site Notice"},"content":{"rendered":"\t\t<div data-elementor-type=\"wp-page\" data-elementor-id=\"2935\" class=\"elementor elementor-2935 elementor-2934\">\n\t\t\t\t\t\t<section class=\"elementor-section elementor-top-section elementor-element elementor-element-681a956e elementor-section-boxed elementor-section-height-default elementor-section-height-default\" data-id=\"681a956e\" data-element_type=\"section\">\n\t\t\t\t\t\t<div class=\"elementor-container elementor-column-gap-default\">\n\t\t\t\t\t<div class=\"elementor-column elementor-col-100 elementor-top-column elementor-element elementor-element-29afa2e2\" data-id=\"29afa2e2\" data-element_type=\"column\">\n\t\t\t<div class=\"elementor-widget-wrap elementor-element-populated\">\n\t\t\t\t\t\t<div class=\"elementor-element elementor-element-661cce0c elementor-widget elementor-widget-text-editor\" data-id=\"661cce0c\" data-element_type=\"widget\" data-widget_type=\"text-editor.default\">\n\t\t\t\t<div class=\"elementor-widget-container\">\n\t\t\t\t\t\t\t\t\t<h1>Site Notice<\/h1>\t\t\t\t\t\t\t\t<\/div>\n\t\t\t\t<\/div>\n\t\t\t\t<div class=\"elementor-element elementor-element-17dcf05 elementor-widget elementor-widget-text-editor\" data-id=\"17dcf05\" data-element_type=\"widget\" data-widget_type=\"text-editor.default\">\n\t\t\t\t<div class=\"elementor-widget-container\">\n\t\t\t\t\t\t\t\t\t<h2>Information pursuant to Sect. 5 German Telemedia Act (TMG)<\/h2><p>BTB Recycling-Hof GmbH<br \/>Frank-Zappa-Stra\u00dfe 25<br \/>12681 Berlin<\/p><p>Commercial Register: HRB 51506 B<br \/>Registration court: Amtsgericht Charlottenburg (Berlin)<\/p><p><strong>Represented by:<\/strong><br \/>Philip Breul, Reimar Breul<\/p><h2>Contact<\/h2><p>Phone: 030 &#8211; 982 47 00<br \/>Telefax: 030 &#8211; 982 47 07<br \/>E-mail: info@btb-bautransporte.de<\/p><h2>VAT ID<\/h2><p>Sales tax identification number according to Sect. 27 a of the Sales Tax Law:<br \/>DE 165905029<\/p><h2>Supervisory authority<\/h2><p>Landesamt f\u00fcr B\u00fcrger und Ordnungsangelegenheiten &#8211; Referat Fahrerlaubnisse, Personen- und G\u00fcterbef\u00f6rderung<br \/>Puttkamerstra\u00dfe 16-18<br \/>10958 Berlin<\/p><p><a href=\"https:\/\/www.berlin.de\/labo\/mobilitaet\/fahrerlaubnisse-personen-und-gueterbefoerderung\/\" target=\"_blank\" rel=\"noopener\">https:\/\/www.berlin.de\/labo\/mobilitaet\/fahrerlaubnisse-personen-und-gueterbefoerderung\/<\/a><\/p><h2>Dispute resolution proceedings in front of a consumer arbitration board<\/h2><p>We are not willing or obliged to participate in dispute resolution proceedings in front of a consumer arbitration board.<\/p><h3>Liability for Contents<\/h3><p>As service providers, we are liable for own contents of these websites according to Paragraph 7, Sect. 1 German Telemedia Act (TMG). However, according to Paragraphs 8 to 10 German Telemedia Act (TMG), service providers are not obligated to permanently monitor submitted or stored information or to search for evidences that indicate illegal activities.<\/p><p>Legal obligations to removing information or to blocking the use of information remain unchallenged. In this case, liability is only possible at the time of knowledge about a specific violation of law. Illegal contents will be removed immediately at the time we get knowledge of them.<\/p><h3>Liability for Links<\/h3><p>Our offer includes links to external third party websites. We have no influence on the contents of those websites, therefore we cannot guarantee for those contents. Providers or administrators of linked websites are always responsible for their own contents.<\/p><p>The linked websites had been checked for possible violations of law at the time of the establishment of the link. Illegal contents were not detected at the time of the linking. A permanent monitoring of the contents of linked websites cannot be imposed without reasonable indications that there has been a violation of law. Illegal links will be removed immediately at the time we get knowledge of them.<\/p><h3>Copyright<\/h3><p>Contents and compilations published on these websites by the providers are subject to German copyright laws. Reproduction, editing, distribution as well as the use of any kind outside the scope of the copyright law require a written permission of the author or originator. Downloads and copies of these websites are permitted for private use only.<\/p><p>The commercial use of our contents without permission of the originator is prohibited.<\/p><p>Copyright laws of third parties are respected as long as the contents on these websites do not originate from the provider. Contributions of third parties on this site are indicated as such. However, if you notice any violations of copyright law, please inform us. Such contents will be removed immediately.<\/p>\t\t\t\t\t\t\t\t<\/div>\n\t\t\t\t<\/div>\n\t\t\t\t\t<\/div>\n\t\t<\/div>\n\t\t\t\t\t<\/div>\n\t\t<\/section>\n\t\t\t\t<\/div>\n\t\t","protected":false},"excerpt":{"rendered":"<p>Site Notice Information pursuant to Sect. 5 German Telemedia Act (TMG) BTB Recycling-Hof GmbHFrank-Zappa-Stra\u00dfe 2512681 Berlin Commercial Register: HRB 51506 BRegistration court: Amtsgericht Charlottenburg (Berlin) Represented by:Philip Breul, Reimar Breul Contact Phone: 030 &#8211; 982 47 00Telefax: 030 &#8211; 982 47 07E-mail: info@btb-bautransporte.de VAT ID Sales tax identification number according to Sect. 27 a of<\/p>\n","protected":false},"author":4,"featured_media":0,"parent":0,"menu_order":0,"comment_status":"closed","ping_status":"closed","template":"","meta":{"footnotes":""},"class_list":["post-2935","page","type-page","status-publish","hentry"],"yoast_head":"<!-- This site is optimized with the Yoast SEO plugin v25.4 - https:\/\/yoast.com\/wordpress\/plugins\/seo\/ -->\n<title>Site Notice - BTB Group<\/title>\n<meta name=\"description\" content=\"Information pursuant to Sect. 5 German Telemedia Act (TMG)\" \/>\n<meta name=\"robots\" content=\"index, follow, max-snippet:-1, max-image-preview:large, max-video-preview:-1\" \/>\n<link rel=\"canonical\" href=\"https:\/\/www.btb-gruppe.de\/en\/site-notice\/\" \/>\n<meta property=\"og:locale\" content=\"en_US\" \/>\n<meta property=\"og:type\" content=\"article\" \/>\n<meta property=\"og:title\" content=\"Site Notice - BTB Group\" \/>\n<meta property=\"og:description\" content=\"Information pursuant to Sect. 5 German Telemedia Act (TMG)\" \/>\n<meta property=\"og:url\" content=\"https:\/\/www.btb-gruppe.de\/en\/site-notice\/\" \/>\n<meta property=\"og:site_name\" content=\"BTB Gruppe\" \/>\n<meta property=\"article:modified_time\" content=\"2022-11-30T15:02:31+00:00\" \/>\n<meta name=\"twitter:card\" content=\"summary_large_image\" \/>\n<meta name=\"twitter:label1\" content=\"Est. reading time\" \/>\n\t<meta name=\"twitter:data1\" content=\"2 minutes\" \/>\n<script type=\"application\/ld+json\" class=\"yoast-schema-graph\">{\"@context\":\"https:\/\/schema.org\",\"@graph\":[{\"@type\":\"WebPage\",\"@id\":\"https:\/\/www.btb-gruppe.de\/en\/site-notice\/\",\"url\":\"https:\/\/www.btb-gruppe.de\/en\/site-notice\/\",\"name\":\"Site Notice - BTB Group\",\"isPartOf\":{\"@id\":\"https:\/\/www.btb-gruppe.de\/en\/#website\"},\"datePublished\":\"2020-09-22T08:32:57+00:00\",\"dateModified\":\"2022-11-30T15:02:31+00:00\",\"description\":\"Information pursuant to Sect. 5 German Telemedia Act (TMG)\",\"breadcrumb\":{\"@id\":\"https:\/\/www.btb-gruppe.de\/en\/site-notice\/#breadcrumb\"},\"inLanguage\":\"en-US\",\"potentialAction\":[{\"@type\":\"ReadAction\",\"target\":[\"https:\/\/www.btb-gruppe.de\/en\/site-notice\/\"]}]},{\"@type\":\"BreadcrumbList\",\"@id\":\"https:\/\/www.btb-gruppe.de\/en\/site-notice\/#breadcrumb\",\"itemListElement\":[{\"@type\":\"ListItem\",\"position\":1,\"name\":\"Home\",\"item\":\"https:\/\/www.btb-gruppe.de\/en\/\"},{\"@type\":\"ListItem\",\"position\":2,\"name\":\"Site Notice\"}]},{\"@type\":\"WebSite\",\"@id\":\"https:\/\/www.btb-gruppe.de\/en\/#website\",\"url\":\"https:\/\/www.btb-gruppe.de\/en\/\",\"name\":\"BTB Gruppe\",\"description\":\"Erdbau, Abbruch &amp; Bauschuttrecycling in Berlin\",\"publisher\":{\"@id\":\"https:\/\/www.btb-gruppe.de\/en\/#organization\"},\"potentialAction\":[{\"@type\":\"SearchAction\",\"target\":{\"@type\":\"EntryPoint\",\"urlTemplate\":\"https:\/\/www.btb-gruppe.de\/en\/?s={search_term_string}\"},\"query-input\":{\"@type\":\"PropertyValueSpecification\",\"valueRequired\":true,\"valueName\":\"search_term_string\"}}],\"inLanguage\":\"en-US\"},{\"@type\":\"Organization\",\"@id\":\"https:\/\/www.btb-gruppe.de\/en\/#organization\",\"name\":\"BTB Gruppe\",\"url\":\"https:\/\/www.btb-gruppe.de\/en\/\",\"logo\":{\"@type\":\"ImageObject\",\"inLanguage\":\"en-US\",\"@id\":\"https:\/\/www.btb-gruppe.de\/en\/#\/schema\/logo\/image\/\",\"url\":\"https:\/\/www.btb-gruppe.de\/app\/uploads\/2020\/08\/cropped-BTB-Logo.png\",\"contentUrl\":\"https:\/\/www.btb-gruppe.de\/app\/uploads\/2020\/08\/cropped-BTB-Logo.png\",\"width\":512,\"height\":512,\"caption\":\"BTB Gruppe\"},\"image\":{\"@id\":\"https:\/\/www.btb-gruppe.de\/en\/#\/schema\/logo\/image\/\"}}]}<\/script>\n<!-- \/ Yoast SEO plugin. -->","yoast_head_json":{"title":"Site Notice - BTB Group","description":"Information pursuant to Sect. 5 German Telemedia Act (TMG)","robots":{"index":"index","follow":"follow","max-snippet":"max-snippet:-1","max-image-preview":"max-image-preview:large","max-video-preview":"max-video-preview:-1"},"canonical":"https:\/\/www.btb-gruppe.de\/en\/site-notice\/","og_locale":"en_US","og_type":"article","og_title":"Site Notice - BTB Group","og_description":"Information pursuant to Sect. 5 German Telemedia Act (TMG)","og_url":"https:\/\/www.btb-gruppe.de\/en\/site-notice\/","og_site_name":"BTB Gruppe","article_modified_time":"2022-11-30T15:02:31+00:00","twitter_card":"summary_large_image","twitter_misc":{"Est. reading time":"2 minutes"},"schema":{"@context":"https:\/\/schema.org","@graph":[{"@type":"WebPage","@id":"https:\/\/www.btb-gruppe.de\/en\/site-notice\/","url":"https:\/\/www.btb-gruppe.de\/en\/site-notice\/","name":"Site Notice - BTB Group","isPartOf":{"@id":"https:\/\/www.btb-gruppe.de\/en\/#website"},"datePublished":"2020-09-22T08:32:57+00:00","dateModified":"2022-11-30T15:02:31+00:00","description":"Information pursuant to Sect. 5 German Telemedia Act (TMG)","breadcrumb":{"@id":"https:\/\/www.btb-gruppe.de\/en\/site-notice\/#breadcrumb"},"inLanguage":"en-US","potentialAction":[{"@type":"ReadAction","target":["https:\/\/www.btb-gruppe.de\/en\/site-notice\/"]}]},{"@type":"BreadcrumbList","@id":"https:\/\/www.btb-gruppe.de\/en\/site-notice\/#breadcrumb","itemListElement":[{"@type":"ListItem","position":1,"name":"Home","item":"https:\/\/www.btb-gruppe.de\/en\/"},{"@type":"ListItem","position":2,"name":"Site Notice"}]},{"@type":"WebSite","@id":"https:\/\/www.btb-gruppe.de\/en\/#website","url":"https:\/\/www.btb-gruppe.de\/en\/","name":"BTB Gruppe","description":"Erdbau, Abbruch &amp; Bauschuttrecycling in Berlin","publisher":{"@id":"https:\/\/www.btb-gruppe.de\/en\/#organization"},"potentialAction":[{"@type":"SearchAction","target":{"@type":"EntryPoint","urlTemplate":"https:\/\/www.btb-gruppe.de\/en\/?s={search_term_string}"},"query-input":{"@type":"PropertyValueSpecification","valueRequired":true,"valueName":"search_term_string"}}],"inLanguage":"en-US"},{"@type":"Organization","@id":"https:\/\/www.btb-gruppe.de\/en\/#organization","name":"BTB Gruppe","url":"https:\/\/www.btb-gruppe.de\/en\/","logo":{"@type":"ImageObject","inLanguage":"en-US","@id":"https:\/\/www.btb-gruppe.de\/en\/#\/schema\/logo\/image\/","url":"https:\/\/www.btb-gruppe.de\/app\/uploads\/2020\/08\/cropped-BTB-Logo.png","contentUrl":"https:\/\/www.btb-gruppe.de\/app\/uploads\/2020\/08\/cropped-BTB-Logo.png","width":512,"height":512,"caption":"BTB Gruppe"},"image":{"@id":"https:\/\/www.btb-gruppe.de\/en\/#\/schema\/logo\/image\/"}}]}},"_links":{"self":[{"href":"https:\/\/www.btb-gruppe.de\/en\/wp-json\/wp\/v2\/pages\/2935","targetHints":{"allow":["GET"]}}],"collection":[{"href":"https:\/\/www.btb-gruppe.de\/en\/wp-json\/wp\/v2\/pages"}],"about":[{"href":"https:\/\/www.btb-gruppe.de\/en\/wp-json\/wp\/v2\/types\/page"}],"author":[{"embeddable":true,"href":"https:\/\/www.btb-gruppe.de\/en\/wp-json\/wp\/v2\/users\/4"}],"replies":[{"embeddable":true,"href":"https:\/\/www.btb-gruppe.de\/en\/wp-json\/wp\/v2\/comments?post=2935"}],"version-history":[{"count":7,"href":"https:\/\/www.btb-gruppe.de\/en\/wp-json\/wp\/v2\/pages\/2935\/revisions"}],"predecessor-version":[{"id":3583,"href":"https:\/\/www.btb-gruppe.de\/en\/wp-json\/wp\/v2\/pages\/2935\/revisions\/3583"}],"wp:attachment":[{"href":"https:\/\/www.btb-gruppe.de\/en\/wp-json\/wp\/v2\/media?parent=2935"}],"curies":[{"name":"wp","href":"https:\/\/api.w.org\/{rel}","templated":true}]}}